{"id":13,"date":"2020-04-03T18:43:23","date_gmt":"2020-04-03T18:43:23","guid":{"rendered":"http:\/\/kitaholsteinerufer.de\/?page_id=13"},"modified":"2024-07-25T11:24:03","modified_gmt":"2024-07-25T11:24:03","slug":"ziel-des-vereins","status":"publish","type":"page","link":"https:\/\/kitaholsteinerufer.de\/?page_id=13","title":{"rendered":"Ziel des Vereins"},"content":{"rendered":"\n<p>Ziel des Vereins ist, der Kita finanzielle Mittel zum Wohle der Kinder zur Verf\u00fcgung zu stellen, z.B. f\u00fcr die Neugestaltung des Innenhofes, die Anschaffung von Ausstattung f\u00fcr Werken, Musik oder Sport, Zusch\u00fcsse f\u00fcr Ausfl\u00fcge oder sonstige Aktivit\u00e4ten, die Unterst\u00fctzung oder Organisation von Veranstaltungen in der Kita.<br>Dabei ist uns wichtig, dass wir als Verein nicht f\u00fcr die Grundversorgung aufkommen, die vom Kitatr\u00e4ger\u00a0geleistet werden muss, sondern Projekte und Aktivit\u00e4ten unterst\u00fctzen, die sonst nicht m\u00f6glich w\u00e4ren.<br>Das k\u00f6nnen wir nur, wenn der Verein w\u00e4chst und durch regelm\u00e4\u00dfige Mitgliedsbeitr\u00e4ge ein ausreichend gro\u00dfes Budget zur Verf\u00fcgung steht.<\/p>\n\n\n\n<p>Deshalb unsere Bitte:<br><strong>Werden Sie Mitglied, engagieren Sie sich f\u00fcr Ihre Kinder und mit Ihren Kindern im F\u00f6rderverein!<br><\/strong>Damit zeigen Sie Ihren Kindern, dass Ihnen die Kita wichtig ist und gleichzeitig macht es Spa\u00df, sich mit anderen f\u00fcr sinnvolle Ziele zu einzusetzen.<\/p>\n","protected":false},"excerpt":{"rendered":"<p>Ziel des Vereins ist, der Kita finanzielle Mittel zum Wohle der Kinder zur Verf\u00fcgung zu stellen, z.B. f\u00fcr die Neugestaltung des Innenhofes, die Anschaffung von Ausstattung f\u00fcr Werken, Musik oder Sport, Zusch\u00fcsse f\u00fcr Ausfl\u00fcge oder sonstige Aktivit\u00e4ten, die Unterst\u00fctzung oder Organisation von Veranstaltungen in der Kita.Dabei ist uns wichtig, dass wir als Verein nicht f\u00fcr &hellip; <\/p>\n<p class=\"link-more\"><a href=\"https:\/\/kitaholsteinerufer.de\/?page_id=13\" class=\"more-link\"><span class=\"screen-reader-text\">\u201eZiel des Vereins\u201c <\/span>weiterlesen<\/a><\/p>\n","protected":false},"author":1,"featured_media":0,"parent":0,"menu_order":0,"comment_status":"closed","ping_status":"closed","template":"","meta":{"footnotes":""},"class_list":["post-13","page","type-page","status-publish","hentry"],"_links":{"self":[{"href":"https:\/\/kitaholsteinerufer.de\/index.php?rest_route=\/wp\/v2\/pages\/13","targetHints":{"allow":["GET"]}}],"collection":[{"href":"https:\/\/kitaholsteinerufer.de\/index.php?rest_route=\/wp\/v2\/pages"}],"about":[{"href":"https:\/\/kitaholsteinerufer.de\/index.php?rest_route=\/wp\/v2\/types\/page"}],"author":[{"embeddable":true,"href":"https:\/\/kitaholsteinerufer.de\/index.php?rest_route=\/wp\/v2\/users\/1"}],"replies":[{"embeddable":true,"href":"https:\/\/kitaholsteinerufer.de\/index.php?rest_route=%2Fwp%2Fv2%2Fcomments&post=13"}],"version-history":[{"count":4,"href":"https:\/\/kitaholsteinerufer.de\/index.php?rest_route=\/wp\/v2\/pages\/13\/revisions"}],"predecessor-version":[{"id":149,"href":"https:\/\/kitaholsteinerufer.de\/index.php?rest_route=\/wp\/v2\/pages\/13\/revisions\/149"}],"wp:attachment":[{"href":"https:\/\/kitaholsteinerufer.de\/index.php?rest_route=%2Fwp%2Fv2%2Fmedia&parent=13"}],"curies":[{"name":"wp","href":"https:\/\/api.w.org\/{rel}","templated":true}]}}