{"id":36,"date":"2020-04-05T16:31:31","date_gmt":"2020-04-05T16:31:31","guid":{"rendered":"http:\/\/kitaholsteinerufer.de\/?page_id=36"},"modified":"2025-10-07T10:24:41","modified_gmt":"2025-10-07T08:24:41","slug":"kita","status":"publish","type":"page","link":"https:\/\/kitaholsteinerufer.de\/?page_id=36","title":{"rendered":"Unsere Kita"},"content":{"rendered":"<div class=\"wp-block-image\">\n<figure class=\"alignleft is-resized\"><img loading=\"lazy\" decoding=\"async\" width=\"300\" height=\"51\" src=\"http:\/\/kitaholsteinerufer.de\/wp-content\/uploads\/2020\/04\/kindergaerten_city-1.png\" alt=\"\" class=\"wp-image-37\" style=\"width:377px;height:auto\"\/><figcaption class=\"wp-element-caption\"><br>Unsere Kita liegt am Rande des Tiergartens, idyllisch versteckt im Hansaviertel nahe der Spree. Unser Haus wurde 1972 als eigenst\u00e4ndiger Bau abseits von Stra\u00dfen in einem ruhigen, gr\u00fcnen Wohngebiet errichtet. Die verschachtelte Raumanordnung erm\u00f6glicht den Kindern ein geruhsames Miteinander.<br><br>In unserem gro\u00dfen Garten mit vielen alten B\u00e4umen k\u00f6nnen Kinder mit Sand, Wasser und Naturmaterialien spielen, klettern, schaukeln und verschiedene kleine Fahrzeuge nutzen.<br>Der Garten der Krippenkinder liegt separat von dem der \u00c4lteren.<br><br>Die gute Lage und Verkehrsanbindung unseres Hauses (U-Bahnhof Hansaplatz, Turmstra\u00dfe und S-Bahnhof Bellevue) macht es uns einfach, auf kurzen Wegen die unz\u00e4hligen Angebote unserer Stadt zu nutzen.<br><br><strong>Kinderg\u00e4rten City<\/strong><br>Holsteiner Ufer 12<br>10557 Berlin<br><br><a href=\"https:\/\/kindergaertencity.de\/holsteiner-ufer-12\" target=\"_blank\" rel=\"noreferrer noopener\">https:\/\/kindergaertencity.de\/holsteiner-ufer-12<\/a><br><br><strong>Leitung<\/strong>: Emre-Yasin Yildirim &amp; Olga Harder<br><br><strong>\u00d6ffnungszeiten<\/strong>: Mo-Fr 7.00 -17.00 Uhr<\/figcaption><\/figure>\n<\/div>","protected":false},"excerpt":{"rendered":"","protected":false},"author":1,"featured_media":0,"parent":0,"menu_order":0,"comment_status":"closed","ping_status":"closed","template":"","meta":{"footnotes":""},"class_list":["post-36","page","type-page","status-publish","hentry"],"_links":{"self":[{"href":"https:\/\/kitaholsteinerufer.de\/index.php?rest_route=\/wp\/v2\/pages\/36","targetHints":{"allow":["GET"]}}],"collection":[{"href":"https:\/\/kitaholsteinerufer.de\/index.php?rest_route=\/wp\/v2\/pages"}],"about":[{"href":"https:\/\/kitaholsteinerufer.de\/index.php?rest_route=\/wp\/v2\/types\/page"}],"author":[{"embeddable":true,"href":"https:\/\/kitaholsteinerufer.de\/index.php?rest_route=\/wp\/v2\/users\/1"}],"replies":[{"embeddable":true,"href":"https:\/\/kitaholsteinerufer.de\/index.php?rest_route=%2Fwp%2Fv2%2Fcomments&post=36"}],"version-history":[{"count":7,"href":"https:\/\/kitaholsteinerufer.de\/index.php?rest_route=\/wp\/v2\/pages\/36\/revisions"}],"predecessor-version":[{"id":208,"href":"https:\/\/kitaholsteinerufer.de\/index.php?rest_route=\/wp\/v2\/pages\/36\/revisions\/208"}],"wp:attachment":[{"href":"https:\/\/kitaholsteinerufer.de\/index.php?rest_route=%2Fwp%2Fv2%2Fmedia&parent=36"}],"curies":[{"name":"wp","href":"https:\/\/api.w.org\/{rel}","templated":true}]}}