{"id":56,"date":"2020-04-07T17:15:43","date_gmt":"2020-04-07T17:15:43","guid":{"rendered":"http:\/\/kitaholsteinerufer.de\/?page_id=56"},"modified":"2024-07-25T11:50:53","modified_gmt":"2024-07-25T11:50:53","slug":"spenden","status":"publish","type":"page","link":"https:\/\/kitaholsteinerufer.de\/?page_id=56","title":{"rendered":"Mit &#8222;Gooding&#8220; spenden"},"content":{"rendered":"\n<figure class=\"wp-block-image size-large\"><img loading=\"lazy\" decoding=\"async\" width=\"1024\" height=\"288\" src=\"https:\/\/kitaholsteinerufer.de\/wp-content\/uploads\/2024\/07\/So-funktioniert-Gooding-Grafik-Mittel-1024x288.png\" alt=\"\" class=\"wp-image-156\" srcset=\"https:\/\/kitaholsteinerufer.de\/wp-content\/uploads\/2024\/07\/So-funktioniert-Gooding-Grafik-Mittel-1024x288.png 1024w, https:\/\/kitaholsteinerufer.de\/wp-content\/uploads\/2024\/07\/So-funktioniert-Gooding-Grafik-Mittel-300x84.png 300w, https:\/\/kitaholsteinerufer.de\/wp-content\/uploads\/2024\/07\/So-funktioniert-Gooding-Grafik-Mittel-768x216.png 768w, https:\/\/kitaholsteinerufer.de\/wp-content\/uploads\/2024\/07\/So-funktioniert-Gooding-Grafik-Mittel-1536x432.png 1536w, https:\/\/kitaholsteinerufer.de\/wp-content\/uploads\/2024\/07\/So-funktioniert-Gooding-Grafik-Mittel.png 2000w\" sizes=\"auto, (max-width: 767px) 89vw, (max-width: 1000px) 54vw, (max-width: 1071px) 543px, 580px\" \/><figcaption><strong>Gooding <\/strong>erm\u00f6glicht es dir, Vereine und Projekte zu unterst\u00fctzen.<br>Das Besondere daran: Das kostet dich keinen Cent extra.<br>Einfach zuk\u00fcnftig in einem der 2.020 angeschlossenen Online-Shops einkaufen und der Gute Zweck deiner Wahl erh\u00e4lt eine finanzielle Unterst\u00fctzung.<\/figcaption><\/figure>\n\n\n\n<ul class=\"wp-block-list\"><li>In 2.020 Online-Shops den Guten Zweck deiner Wahl unterst\u00fctzen<\/li><li>Keinen Cent extra bezahlen, denn die Pr\u00e4mien kommen von den Unternehmen<\/li><li>Hohe Transparenz und maximaler Datenschutz sind gew\u00e4hrleistet<\/li><\/ul>\n\n\n<div style=\"height: 800px; position: relative;\"><iframe style=\"position: absolute; top: 0; left: 0; width: 100%!important; height: 100%!important;\"  name=\"Gooding Shop-Widget\" id=\"Gooding Shop-Widget\" frameborder=\"0\" allowtransparency=\"true\" scrolling=\"yes\" title=\"Gooding Shop-Widget\" src=\"https:\/\/erweiterungen.gooding.de\/app\/shop\/freunde-und-foerderer-der-kita-holsteiner-ufer-119902\/category\/topshops\/v\/1721907201.BnHhMCnjmI0hzBByGqb4NayO87i%252B9Ar6DDtnbtS%252FEP5DE4YvA6CohGgAd8s4%252BkBx6mqEgYxXuNfA63k1G7QOnSJQCWqiNilkHodNAbnxGC1KCY%252F2ot68n%252F4aYZQf7JJqV3Aj89SHP8Y7G%252B68ZTivWAMhDayIVW6gVegB%252Fk9CxmROM5YiRA7ho3e4bbGnfSlatrhPDU3w%252FIBqwnuEdhCmwg%253D%253D\"><\/iframe><\/div>\n\n\n","protected":false},"excerpt":{"rendered":"<p>In 2.020 Online-Shops den Guten Zweck deiner Wahl unterst\u00fctzen Keinen Cent extra bezahlen, denn die Pr\u00e4mien kommen von den Unternehmen Hohe Transparenz und maximaler Datenschutz sind gew\u00e4hrleistet<\/p>\n","protected":false},"author":1,"featured_media":0,"parent":0,"menu_order":0,"comment_status":"closed","ping_status":"closed","template":"","meta":{"footnotes":""},"class_list":["post-56","page","type-page","status-publish","hentry"],"_links":{"self":[{"href":"https:\/\/kitaholsteinerufer.de\/index.php?rest_route=\/wp\/v2\/pages\/56","targetHints":{"allow":["GET"]}}],"collection":[{"href":"https:\/\/kitaholsteinerufer.de\/index.php?rest_route=\/wp\/v2\/pages"}],"about":[{"href":"https:\/\/kitaholsteinerufer.de\/index.php?rest_route=\/wp\/v2\/types\/page"}],"author":[{"embeddable":true,"href":"https:\/\/kitaholsteinerufer.de\/index.php?rest_route=\/wp\/v2\/users\/1"}],"replies":[{"embeddable":true,"href":"https:\/\/kitaholsteinerufer.de\/index.php?rest_route=%2Fwp%2Fv2%2Fcomments&post=56"}],"version-history":[{"count":9,"href":"https:\/\/kitaholsteinerufer.de\/index.php?rest_route=\/wp\/v2\/pages\/56\/revisions"}],"predecessor-version":[{"id":160,"href":"https:\/\/kitaholsteinerufer.de\/index.php?rest_route=\/wp\/v2\/pages\/56\/revisions\/160"}],"wp:attachment":[{"href":"https:\/\/kitaholsteinerufer.de\/index.php?rest_route=%2Fwp%2Fv2%2Fmedia&parent=56"}],"curies":[{"name":"wp","href":"https:\/\/api.w.org\/{rel}","templated":true}]}}